{"id":1192,"date":"2020-01-19T15:48:26","date_gmt":"2020-01-19T15:48:26","guid":{"rendered":"http:\/\/stg-httpsboyanmfgcomwpadmin-b20251201.kinsta.cloud\/?post_type=product&#038;p=1192"},"modified":"2020-01-19T15:49:29","modified_gmt":"2020-01-19T15:49:29","slug":"custom-zigzag-springs","status":"publish","type":"product","link":"https:\/\/stg-httpsboyanmfgcomwpadmin-b20251201.kinsta.cloud\/pt\/shop\/molas-em-ziguezague-personalizadas\/","title":{"rendered":"molas em ziguezague personalizadas"},"content":{"rendered":"<p>Essas molas em ziguezague s\u00e3o fabricadas pe\u00e7a por pe\u00e7a, e n\u00e3o em rolos; as duas extremidades s\u00e3o feitas com um design personalizado.<\/p>\n<p><img fetchpriority=\"high\" decoding=\"async\" class=\"alignnone wp-image-858 size-full\" src=\"https:\/\/stg-httpsboyanmfgcomwpadmin-b20251201.kinsta.cloud\/wp-content\/uploads\/2020\/01\/custom-zigzag-spring.jpg\" alt=\"uma mola em ziguezague personalizada\" width=\"750\" height=\"750\" srcset=\"https:\/\/stg-httpsboyanmfgcomwpadmin-b20251201.kinsta.cloud\/wp-content\/uploads\/2020\/01\/custom-zigzag-spring.jpg 750w, https:\/\/stg-httpsboyanmfgcomwpadmin-b20251201.kinsta.cloud\/wp-content\/uploads\/2020\/01\/custom-zigzag-spring-300x300.jpg 300w, https:\/\/stg-httpsboyanmfgcomwpadmin-b20251201.kinsta.cloud\/wp-content\/uploads\/2020\/01\/custom-zigzag-spring-100x100.jpg 100w, https:\/\/stg-httpsboyanmfgcomwpadmin-b20251201.kinsta.cloud\/wp-content\/uploads\/2020\/01\/custom-zigzag-spring-600x600.jpg 600w, https:\/\/stg-httpsboyanmfgcomwpadmin-b20251201.kinsta.cloud\/wp-content\/uploads\/2020\/01\/custom-zigzag-spring-150x150.jpg 150w\" sizes=\"(max-width: 750px) 100vw, 750px\" \/><\/p>\n<p>Primeiro, vamos dar uma olhada em como \u00e9 feito em uma m\u00e1quina de dobra CNC. O v\u00eddeo \u00e9 bem simples, ent\u00e3o voc\u00ea pode entender o processo facilmente.<\/p>\n<div class=\"nv-iframe-embed\"><iframe title=\"Fabrica\u00e7\u00e3o de molas em zigue-zague por m\u00e1quina de dobra CNC\" width=\"1200\" height=\"675\" src=\"https:\/\/www.youtube.com\/embed\/BEis9qhJ_98?feature=oembed\" frameborder=\"0\" allow=\"accelerometer; autoplay; encrypted-media; gyroscope; picture-in-picture\" allowfullscreen><\/iframe><\/div>\n<h2><span style=\"color: #800080;\">Especifica\u00e7\u00e3o da pe\u00e7a:<\/span><\/h2>\n<table style=\"height: 141px;\" border=\"1\" width=\"466\">\n<tbody>\n<tr>\n<td>Material<\/td>\n<td>C70 (a\u00e7o carbono)<\/td>\n<\/tr>\n<tr>\n<td>di\u00e2metro do fio<\/td>\n<td>3,0 mm<\/td>\n<\/tr>\n<tr>\n<td>Dimens\u00e3o (relaxada)<\/td>\n<td>comprimento 80 * largura 60 mm<\/td>\n<\/tr>\n<tr>\n<td>Revestimento de superf\u00edcie<\/td>\n<td>Nenhum<\/td>\n<\/tr>\n<tr>\n<td>tratamento t\u00e9rmico<\/td>\n<td>230\u00b0C, 30 minutos<\/td>\n<\/tr>\n<\/tbody>\n<\/table>\n<p>Como voc\u00ea pode notar, as duas extremidades s\u00e3o dobradas de acordo com um design personalizado, e \u00e9 por isso que precisam ser dobradas pe\u00e7a por pe\u00e7a em uma m\u00e1quina CNC.<\/p>","protected":false},"excerpt":{"rendered":"<p>These zigzag springs are made piece by piece but not in rolls, the 2 ends are made to a custom design. First, let&#8217;s take a look at how it is made on a CNC bending machine. The video is quite straightforward so you can easily understand the process. Part specification: Material C70 (carbon steel) Wire&hellip;&nbsp;<a href=\"https:\/\/stg-httpsboyanmfgcomwpadmin-b20251201.kinsta.cloud\/pt\/shop\/molas-em-ziguezague-personalizadas\/\" rel=\"bookmark\">Ler mais &raquo;<span class=\"screen-reader-text\">molas em ziguezague personalizadas<\/span><\/a><\/p>","protected":false},"featured_media":858,"comment_status":"closed","ping_status":"closed","template":"","meta":{"neve_meta_sidebar":"","neve_meta_container":"","neve_meta_enable_content_width":"","neve_meta_content_width":0,"neve_meta_title_alignment":"","neve_meta_author_avatar":"","neve_post_elements_order":"","neve_meta_disable_header":"","neve_meta_disable_footer":"","neve_meta_disable_title":"","_themeisle_gutenberg_block_has_review":false},"product_brand":[],"product_cat":[59],"product_tag":[],"class_list":{"0":"post-1192","1":"product","2":"type-product","3":"status-publish","4":"has-post-thumbnail","6":"product_cat-springs-wire-forming","8":"first","9":"instock","10":"shipping-taxable","11":"product-type-simple"},"acf":[],"_links":{"self":[{"href":"https:\/\/stg-httpsboyanmfgcomwpadmin-b20251201.kinsta.cloud\/pt\/wp-json\/wp\/v2\/product\/1192","targetHints":{"allow":["GET"]}}],"collection":[{"href":"https:\/\/stg-httpsboyanmfgcomwpadmin-b20251201.kinsta.cloud\/pt\/wp-json\/wp\/v2\/product"}],"about":[{"href":"https:\/\/stg-httpsboyanmfgcomwpadmin-b20251201.kinsta.cloud\/pt\/wp-json\/wp\/v2\/types\/product"}],"replies":[{"embeddable":true,"href":"https:\/\/stg-httpsboyanmfgcomwpadmin-b20251201.kinsta.cloud\/pt\/wp-json\/wp\/v2\/comments?post=1192"}],"wp:featuredmedia":[{"embeddable":true,"href":"https:\/\/stg-httpsboyanmfgcomwpadmin-b20251201.kinsta.cloud\/pt\/wp-json\/wp\/v2\/media\/858"}],"wp:attachment":[{"href":"https:\/\/stg-httpsboyanmfgcomwpadmin-b20251201.kinsta.cloud\/pt\/wp-json\/wp\/v2\/media?parent=1192"}],"wp:term":[{"taxonomy":"product_brand","embeddable":true,"href":"https:\/\/stg-httpsboyanmfgcomwpadmin-b20251201.kinsta.cloud\/pt\/wp-json\/wp\/v2\/product_brand?post=1192"},{"taxonomy":"product_cat","embeddable":true,"href":"https:\/\/stg-httpsboyanmfgcomwpadmin-b20251201.kinsta.cloud\/pt\/wp-json\/wp\/v2\/product_cat?post=1192"},{"taxonomy":"product_tag","embeddable":true,"href":"https:\/\/stg-httpsboyanmfgcomwpadmin-b20251201.kinsta.cloud\/pt\/wp-json\/wp\/v2\/product_tag?post=1192"}],"curies":[{"name":"wp","href":"https:\/\/api.w.org\/{rel}","templated":true}]}}