{"id":6,"date":"2019-08-09T10:35:34","date_gmt":"2019-08-09T10:35:34","guid":{"rendered":"https:\/\/demo.themeisle.com\/neve-creative-portfolio\/?page_id=6"},"modified":"2020-01-18T03:37:30","modified_gmt":"2020-01-18T03:37:30","slug":"about-us","status":"publish","type":"page","link":"https:\/\/stg-httpsboyanmfgcomwpadmin-b20251201.kinsta.cloud\/tr\/hakkimizda\/","title":{"rendered":"Hakk\u0131nda"},"content":{"rendered":"<div data-elementor-type=\"wp-post\" data-elementor-id=\"6\" class=\"elementor elementor-6\">\n\t\t\t\t\t\t<section class=\"elementor-section elementor-top-section elementor-element elementor-element-692ce759 elementor-section-boxed elementor-section-height-default elementor-section-height-default\" data-id=\"692ce759\" data-element_type=\"section\" data-settings=\"{&quot;background_background&quot;:&quot;classic&quot;}\">\n\t\t\t\t\t\t\t<div class=\"elementor-background-overlay\"><\/div>\n\t\t\t\t\t\t\t<div class=\"elementor-container elementor-column-gap-default\">\n\t\t\t\t\t<div class=\"elementor-column elementor-col-100 elementor-top-column elementor-element elementor-element-3fa9c367\" data-id=\"3fa9c367\" data-element_type=\"column\">\n\t\t\t<div class=\"elementor-widget-wrap elementor-element-populated\">\n\t\t\t\t\t\t<section class=\"elementor-section elementor-inner-section elementor-element elementor-element-38ffb895 elementor-section-boxed elementor-section-height-default elementor-section-height-default\" data-id=\"38ffb895\" data-element_type=\"section\">\n\t\t\t\t\t\t<div class=\"elementor-container elementor-column-gap-default\">\n\t\t\t\t\t<div class=\"elementor-column elementor-col-100 elementor-inner-column elementor-element elementor-element-6a5f676c\" data-id=\"6a5f676c\" data-element_type=\"column\">\n\t\t\t<div class=\"elementor-widget-wrap elementor-element-populated\">\n\t\t\t\t\t\t<div class=\"elementor-element elementor-element-20c72cf7 elementor-widget elementor-widget-heading\" data-id=\"20c72cf7\" data-element_type=\"widget\" data-widget_type=\"heading.default\">\n\t\t\t\t<div class=\"elementor-widget-container\">\n\t\t\t\t\t<h1 class=\"elementor-heading-title elementor-size-default\">Hakk\u0131m\u0131zda<\/h1>\t\t\t\t<\/div>\n\t\t\t\t<\/div>\n\t\t\t\t<div class=\"elementor-element elementor-element-38973032 elementor-widget elementor-widget-heading\" data-id=\"38973032\" data-element_type=\"widget\" data-widget_type=\"heading.default\">\n\t\t\t\t<div class=\"elementor-widget-container\">\n\t\t\t\t\t<p class=\"elementor-heading-title elementor-size-default\">\u015eirketimiz hakk\u0131nda daha fazla bilgi edinin<\/p>\t\t\t\t<\/div>\n\t\t\t\t<\/div>\n\t\t\t\t\t<\/div>\n\t\t<\/div>\n\t\t\t\t\t<\/div>\n\t\t<\/section>\n\t\t\t\t\t<\/div>\n\t\t<\/div>\n\t\t\t\t\t<\/div>\n\t\t<\/section>\n\t\t\t\t<section class=\"elementor-section elementor-top-section elementor-element elementor-element-22d3b27a elementor-section-boxed elementor-section-height-default elementor-section-height-default\" data-id=\"22d3b27a\" data-element_type=\"section\" data-settings=\"{&quot;background_background&quot;:&quot;classic&quot;}\">\n\t\t\t\t\t\t<div class=\"elementor-container elementor-column-gap-default\">\n\t\t\t\t\t<div class=\"elementor-column elementor-col-50 elementor-top-column elementor-element elementor-element-7749ecde\" data-id=\"7749ecde\" data-element_type=\"column\">\n\t\t\t<div class=\"elementor-widget-wrap elementor-element-populated\">\n\t\t\t\t\t\t<div class=\"elementor-element elementor-element-d71b16b elementor-widget elementor-widget-heading\" data-id=\"d71b16b\" data-element_type=\"widget\" data-widget_type=\"heading.default\">\n\t\t\t\t<div class=\"elementor-widget-container\">\n\t\t\t\t\t<h2 class=\"elementor-heading-title elementor-size-default\">\u00dcretim ihtiya\u00e7lar\u0131n\u0131z i\u00e7in tam hizmet sa\u011flay\u0131c\u0131s\u0131y\u0131z<\/h2>\t\t\t\t<\/div>\n\t\t\t\t<\/div>\n\t\t\t\t<div class=\"elementor-element elementor-element-3e151646 elementor-widget-divider--view-line elementor-widget elementor-widget-divider\" data-id=\"3e151646\" data-element_type=\"widget\" data-widget_type=\"divider.default\">\n\t\t\t\t<div class=\"elementor-widget-container\">\n\t\t\t\t\t\t\t<div class=\"elementor-divider\">\n\t\t\t<span class=\"elementor-divider-separator\">\n\t\t\t\t\t\t<\/span>\n\t\t<\/div>\n\t\t\t\t\t\t<\/div>\n\t\t\t\t<\/div>\n\t\t\t\t<div class=\"elementor-element elementor-element-bdf4594 elementor-widget elementor-widget-text-editor\" data-id=\"bdf4594\" data-element_type=\"widget\" data-widget_type=\"text-editor.default\">\n\t\t\t\t<div class=\"elementor-widget-container\">\n\t\t\t\t\t\t\t\t\t<p>Boyan \u00dcretim \u00c7\u00f6z\u00fcmleri bir&nbsp;<strong>\u00c7in merkezli tedarik acentesi<\/strong>&nbsp;teslim etmek&nbsp;<strong>geni\u015f yelpazede metal ve plastikten \u00f6zel \u00fcretim par\u00e7alar.<\/strong><\/p>\n<p>\u00c7in&#039;in Zhejiang eyaletinde bulunuyoruz. Onayl\u0131 \u00fcreticilerimiz \u00e7o\u011funlukla \u015fu b\u00f6lgelerde bulunmaktad\u0131r:&nbsp;<span class=\"fusion-tooltip tooltip-shortcode\" title=\"\" data-animation=\"\" data-delay=\"0\" data-placement=\"top\" data-title=\"\" data-toggle=\"tooltip\" data-trigger=\"hover\" data-original-title=\"\">\u015eangay, Jiangsu ve Zhejiang Eyaletleri<\/span>. Hepsi, iyi fiyat, m\u00fckemmel kalite ve hizmet sunan y\u00fczlerce tedarik\u00e7i aras\u0131ndan \u00f6zenle se\u00e7ildi ve bir\u00e7o\u011fu bizimle y\u0131llard\u0131r yapt\u0131\u011f\u0131m\u0131z i\u015fbirli\u011fiyle kan\u0131tland\u0131.<\/p>\n<p>M\u00fc\u015fterilerimizin \u00c7in&#039;e s\u0131k s\u0131k seyahat etmelerinden kaynaklanan de\u011ferli zaman ve paradan tasarruf etmelerini sa\u011fl\u0131yoruz, \u00e7\u00fcnk\u00fc yo\u011fun kalite denetimimiz ve ileti\u015fimimiz sayesinde,&nbsp;<strong>M\u00fc\u015fterilerimiz en g\u00fcncel bilgilerle ve her \u015feyin kontrol\u00fc alt\u0131nda tutuluyor, bu da \u00c7in&#039;e seyahat etmeyi neredeyse gereksiz k\u0131l\u0131yor<\/strong>.<\/p>\n<p>Boyan g\u00fcvenilir tedarik\u00e7inizdir<strong>&nbsp;metal damgalama, yay ve tel \u015fekillendirmeden plastik enjeksiyon kal\u0131plama ve hassas CNC i\u015fleme hizmetlerine kadar<\/strong>. Ayr\u0131ca \u00e7e\u015fitlendirilmi\u015f hizmetler de sunuyoruz<strong>&nbsp;y\u00fczey kaplama \u00e7\u00f6z\u00fcmleri<\/strong>&nbsp;\u00f6zel ihtiya\u00e7lar\u0131n\u0131z\u0131 kar\u015f\u0131lamak i\u00e7in.<\/p>\n<p>Biz sadece kaynak ihtiya\u00e7lar\u0131n\u0131zda size yard\u0131mc\u0131 olmuyoruz, ayn\u0131 zamanda<strong>&nbsp;CAD tasar\u0131m\u0131, malzeme se\u00e7imi<\/strong>, ve di\u011fer m\u00fchendislik hizmetleri. Tek kelimeyle, m\u00fc\u015fterilerimize en iyi hizmeti sunuyoruz.<strong>&nbsp;anahtar teslim proje y\u00f6netimi<\/strong>&nbsp;fikirleri, kar\u015f\u0131layabilecekleri fiyatla, nihai \u00fcr\u00fcnlere d\u00f6n\u00fc\u015ft\u00fcren \u015firketler.<\/p>\t\t\t\t\t\t\t\t<\/div>\n\t\t\t\t<\/div>\n\t\t\t\t\t<\/div>\n\t\t<\/div>\n\t\t\t\t<div class=\"elementor-column elementor-col-50 elementor-top-column elementor-element elementor-element-4597a080\" data-id=\"4597a080\" data-element_type=\"column\">\n\t\t\t<div class=\"elementor-widget-wrap elementor-element-populated\">\n\t\t\t\t\t\t<div class=\"elementor-element elementor-element-7a029edd elementor-widget elementor-widget-image\" data-id=\"7a029edd\" data-element_type=\"widget\" data-widget_type=\"image.default\">\n\t\t\t\t<div class=\"elementor-widget-container\">\n\t\t\t\t\t\t\t\t\t\t\t\t\t\t\t<img fetchpriority=\"high\" decoding=\"async\" width=\"500\" height=\"700\" src=\"https:\/\/stg-httpsboyanmfgcomwpadmin-b20251201.kinsta.cloud\/wp-content\/uploads\/2020\/01\/QC-inspection-of-CNC-machined-disk.jpg\" class=\"attachment-large size-large wp-image-1084\" alt=\"\" srcset=\"https:\/\/stg-httpsboyanmfgcomwpadmin-b20251201.kinsta.cloud\/wp-content\/uploads\/2020\/01\/QC-inspection-of-CNC-machined-disk.jpg 500w, https:\/\/stg-httpsboyanmfgcomwpadmin-b20251201.kinsta.cloud\/wp-content\/uploads\/2020\/01\/QC-inspection-of-CNC-machined-disk-214x300.jpg 214w\" sizes=\"(max-width: 500px) 100vw, 500px\" \/>\t\t\t\t\t\t\t\t\t\t\t\t\t\t\t<\/div>\n\t\t\t\t<\/div>\n\t\t\t\t<div class=\"elementor-element elementor-element-b1fb73a elementor-widget elementor-widget-google_maps\" data-id=\"b1fb73a\" data-element_type=\"widget\" data-widget_type=\"google_maps.default\">\n\t\t\t\t<div class=\"elementor-widget-container\">\n\t\t\t\t\t\t\t<div class=\"elementor-custom-embed\">\n\t\t\t<iframe loading=\"lazy\"\n\t\t\t\t\tsrc=\"https:\/\/maps.google.com\/maps?q=%E6%B5%99%E6%B1%9F%E7%9C%81%E6%B0%B8%E5%BA%B7%E5%B8%82%E4%B8%BD%E5%B7%9E%E5%8C%97%E8%B7%AF35-37%E5%8F%B7&#038;t=m&#038;z=7&#038;output=embed&#038;iwloc=near\"\n\t\t\t\t\ttitle=\"\u6d59\u6c5f\u7701\u6c38\u5eb7\u5e02\u4e3d\u5dde\u5317\u8def35-37\u53f7\"\n\t\t\t\t\taria-label=\"\u6d59\u6c5f\u7701\u6c38\u5eb7\u5e02\u4e3d\u5dde\u5317\u8def35-37\u53f7\"\n\t\t\t><\/iframe>\n\t\t<\/div>\n\t\t\t\t\t\t<\/div>\n\t\t\t\t<\/div>\n\t\t\t\t\t<\/div>\n\t\t<\/div>\n\t\t\t\t\t<\/div>\n\t\t<\/section>\n\t\t\t\t<section class=\"elementor-section elementor-top-section elementor-element elementor-element-356780a elementor-section-boxed elementor-section-height-default elementor-section-height-default\" data-id=\"356780a\" data-element_type=\"section\">\n\t\t\t\t\t\t<div class=\"elementor-container elementor-column-gap-default\">\n\t\t\t\t\t<div class=\"elementor-column elementor-col-100 elementor-top-column elementor-element elementor-element-68c56f5\" data-id=\"68c56f5\" data-element_type=\"column\">\n\t\t\t<div class=\"elementor-widget-wrap elementor-element-populated\">\n\t\t\t\t\t\t<div class=\"elementor-element elementor-element-714dc05 elementor-widget elementor-widget-image-gallery\" data-id=\"714dc05\" data-element_type=\"widget\" data-widget_type=\"image-gallery.default\">\n\t\t\t\t<div class=\"elementor-widget-container\">\n\t\t\t\t\t\t\t<div class=\"elementor-image-gallery\">\n\t\t\t<div id='gallery-1' class='gallery galleryid-6 gallery-columns-4 gallery-size-full'><figure class='gallery-item'>\n\t\t\t<div class='gallery-icon landscape'>\n\t\t\t\t<a data-elementor-open-lightbox=\"yes\" data-elementor-lightbox-slideshow=\"714dc05\" data-elementor-lightbox-title=\"plastic mold manufacturer 2\" data-e-action-hash=\"#elementor-action%3Aaction%3Dlightbox%26settings%3DeyJpZCI6MTA3MywidXJsIjoiaHR0cHM6XC9cL3N0Zy1odHRwc2JveWFubWZnY29td3BhZG1pbi1iMjAyNTEyMDEua2luc3RhLmNsb3VkXC93cC1jb250ZW50XC91cGxvYWRzXC8yMDIwXC8wMVwvcGxhc3RpYy1tb2xkLW1hbnVmYWN0dXJlci0yLmpwZyIsInNsaWRlc2hvdyI6IjcxNGRjMDUifQ%3D%3D\" href='https:\/\/stg-httpsboyanmfgcomwpadmin-b20251201.kinsta.cloud\/wp-content\/uploads\/2020\/01\/plastic-mold-manufacturer-2.jpg'><img decoding=\"async\" width=\"700\" height=\"500\" src=\"https:\/\/stg-httpsboyanmfgcomwpadmin-b20251201.kinsta.cloud\/wp-content\/uploads\/2020\/01\/plastic-mold-manufacturer-2.jpg\" class=\"attachment-full size-full\" alt=\"\" srcset=\"https:\/\/stg-httpsboyanmfgcomwpadmin-b20251201.kinsta.cloud\/wp-content\/uploads\/2020\/01\/plastic-mold-manufacturer-2.jpg 700w, https:\/\/stg-httpsboyanmfgcomwpadmin-b20251201.kinsta.cloud\/wp-content\/uploads\/2020\/01\/plastic-mold-manufacturer-2-600x429.jpg 600w, https:\/\/stg-httpsboyanmfgcomwpadmin-b20251201.kinsta.cloud\/wp-content\/uploads\/2020\/01\/plastic-mold-manufacturer-2-300x214.jpg 300w\" sizes=\"(max-width: 700px) 100vw, 700px\" \/><\/a>\n\t\t\t<\/div><\/figure><figure class='gallery-item'>\n\t\t\t<div class='gallery-icon landscape'>\n\t\t\t\t<a data-elementor-open-lightbox=\"yes\" data-elementor-lightbox-slideshow=\"714dc05\" data-elementor-lightbox-title=\"plastic mold manufacturer 5\" data-e-action-hash=\"#elementor-action%3Aaction%3Dlightbox%26settings%3DeyJpZCI6MTA3NSwidXJsIjoiaHR0cHM6XC9cL3N0Zy1odHRwc2JveWFubWZnY29td3BhZG1pbi1iMjAyNTEyMDEua2luc3RhLmNsb3VkXC93cC1jb250ZW50XC91cGxvYWRzXC8yMDIwXC8wMVwvcGxhc3RpYy1tb2xkLW1hbnVmYWN0dXJlci01LmpwZyIsInNsaWRlc2hvdyI6IjcxNGRjMDUifQ%3D%3D\" href='https:\/\/stg-httpsboyanmfgcomwpadmin-b20251201.kinsta.cloud\/wp-content\/uploads\/2020\/01\/plastic-mold-manufacturer-5.jpg'><img decoding=\"async\" width=\"700\" height=\"500\" src=\"https:\/\/stg-httpsboyanmfgcomwpadmin-b20251201.kinsta.cloud\/wp-content\/uploads\/2020\/01\/plastic-mold-manufacturer-5.jpg\" class=\"attachment-full size-full\" alt=\"\" srcset=\"https:\/\/stg-httpsboyanmfgcomwpadmin-b20251201.kinsta.cloud\/wp-content\/uploads\/2020\/01\/plastic-mold-manufacturer-5.jpg 700w, https:\/\/stg-httpsboyanmfgcomwpadmin-b20251201.kinsta.cloud\/wp-content\/uploads\/2020\/01\/plastic-mold-manufacturer-5-600x429.jpg 600w, https:\/\/stg-httpsboyanmfgcomwpadmin-b20251201.kinsta.cloud\/wp-content\/uploads\/2020\/01\/plastic-mold-manufacturer-5-300x214.jpg 300w\" sizes=\"(max-width: 700px) 100vw, 700px\" \/><\/a>\n\t\t\t<\/div><\/figure><figure class='gallery-item'>\n\t\t\t<div class='gallery-icon landscape'>\n\t\t\t\t<a data-elementor-open-lightbox=\"yes\" data-elementor-lightbox-slideshow=\"714dc05\" data-elementor-lightbox-title=\"spring factory 1\" data-e-action-hash=\"#elementor-action%3Aaction%3Dlightbox%26settings%3DeyJpZCI6OTMxLCJ1cmwiOiJodHRwczpcL1wvc3RnLWh0dHBzYm95YW5tZmdjb213cGFkbWluLWIyMDI1MTIwMS5raW5zdGEuY2xvdWRcL3dwLWNvbnRlbnRcL3VwbG9hZHNcLzIwMjBcLzAxXC9zcHJpbmctZmFjdG9yeS0xLmpwZyIsInNsaWRlc2hvdyI6IjcxNGRjMDUifQ%3D%3D\" href='https:\/\/stg-httpsboyanmfgcomwpadmin-b20251201.kinsta.cloud\/wp-content\/uploads\/2020\/01\/spring-factory-1.jpg'><img loading=\"lazy\" decoding=\"async\" width=\"700\" height=\"500\" src=\"https:\/\/stg-httpsboyanmfgcomwpadmin-b20251201.kinsta.cloud\/wp-content\/uploads\/2020\/01\/spring-factory-1.jpg\" class=\"attachment-full size-full\" alt=\"\" srcset=\"https:\/\/stg-httpsboyanmfgcomwpadmin-b20251201.kinsta.cloud\/wp-content\/uploads\/2020\/01\/spring-factory-1.jpg 700w, https:\/\/stg-httpsboyanmfgcomwpadmin-b20251201.kinsta.cloud\/wp-content\/uploads\/2020\/01\/spring-factory-1-600x429.jpg 600w, https:\/\/stg-httpsboyanmfgcomwpadmin-b20251201.kinsta.cloud\/wp-content\/uploads\/2020\/01\/spring-factory-1-300x214.jpg 300w\" sizes=\"(max-width: 700px) 100vw, 700px\" \/><\/a>\n\t\t\t<\/div><\/figure><figure class='gallery-item'>\n\t\t\t<div class='gallery-icon landscape'>\n\t\t\t\t<a data-elementor-open-lightbox=\"yes\" data-elementor-lightbox-slideshow=\"714dc05\" data-elementor-lightbox-title=\"plastic mold manufacturer 1\" data-e-action-hash=\"#elementor-action%3Aaction%3Dlightbox%26settings%3DeyJpZCI6MTA3MiwidXJsIjoiaHR0cHM6XC9cL3N0Zy1odHRwc2JveWFubWZnY29td3BhZG1pbi1iMjAyNTEyMDEua2luc3RhLmNsb3VkXC93cC1jb250ZW50XC91cGxvYWRzXC8yMDIwXC8wMVwvcGxhc3RpYy1tb2xkLW1hbnVmYWN0dXJlci0xLmpwZyIsInNsaWRlc2hvdyI6IjcxNGRjMDUifQ%3D%3D\" href='https:\/\/stg-httpsboyanmfgcomwpadmin-b20251201.kinsta.cloud\/wp-content\/uploads\/2020\/01\/plastic-mold-manufacturer-1.jpg'><img loading=\"lazy\" decoding=\"async\" width=\"700\" height=\"500\" src=\"https:\/\/stg-httpsboyanmfgcomwpadmin-b20251201.kinsta.cloud\/wp-content\/uploads\/2020\/01\/plastic-mold-manufacturer-1.jpg\" class=\"attachment-full size-full\" alt=\"\" srcset=\"https:\/\/stg-httpsboyanmfgcomwpadmin-b20251201.kinsta.cloud\/wp-content\/uploads\/2020\/01\/plastic-mold-manufacturer-1.jpg 700w, https:\/\/stg-httpsboyanmfgcomwpadmin-b20251201.kinsta.cloud\/wp-content\/uploads\/2020\/01\/plastic-mold-manufacturer-1-600x429.jpg 600w, https:\/\/stg-httpsboyanmfgcomwpadmin-b20251201.kinsta.cloud\/wp-content\/uploads\/2020\/01\/plastic-mold-manufacturer-1-300x214.jpg 300w\" sizes=\"(max-width: 700px) 100vw, 700px\" \/><\/a>\n\t\t\t<\/div><\/figure>\n\t\t<\/div>\n\t\t<\/div>\n\t\t\t\t\t\t<\/div>\n\t\t\t\t<\/div>\n\t\t\t\t\t<\/div>\n\t\t<\/div>\n\t\t\t\t\t<\/div>\n\t\t<\/section>\n\t\t\t\t<\/div>","protected":false},"excerpt":{"rendered":"<p>About Us Learn more about our company We are a full service provider for you manufacturing needs Boyan Manufacturing Solutions is a&nbsp;China-based sourcing agent&nbsp;delivering&nbsp;a wide spectrum of metal and plastic custom manufactured parts. We are located in Zhejiang province, China. Our approved manufacturers are mainly located in&nbsp;Shanghai, Jiangsu and Zhejiang Provinces. They were all handpicked&hellip;&nbsp;<a href=\"https:\/\/stg-httpsboyanmfgcomwpadmin-b20251201.kinsta.cloud\/tr\/hakkimizda\/\" rel=\"bookmark\">Daha fazlas\u0131n\u0131 okuyun \u00bb<span class=\"screen-reader-text\">Hakk\u0131nda<\/span><\/a><\/p>","protected":false},"author":1,"featured_media":0,"parent":0,"menu_order":0,"comment_status":"closed","ping_status":"closed","template":"elementor_header_footer","meta":{"neve_meta_sidebar":"","neve_meta_container":"","neve_meta_enable_content_width":"","neve_meta_content_width":0,"neve_meta_title_alignment":"","neve_meta_author_avatar":"","neve_post_elements_order":"","neve_meta_disable_header":"","neve_meta_disable_footer":"","neve_meta_disable_title":"","_themeisle_gutenberg_block_has_review":false,"footnotes":""},"class_list":["post-6","page","type-page","status-publish","hentry"],"acf":[],"_links":{"self":[{"href":"https:\/\/stg-httpsboyanmfgcomwpadmin-b20251201.kinsta.cloud\/tr\/wp-json\/wp\/v2\/pages\/6","targetHints":{"allow":["GET"]}}],"collection":[{"href":"https:\/\/stg-httpsboyanmfgcomwpadmin-b20251201.kinsta.cloud\/tr\/wp-json\/wp\/v2\/pages"}],"about":[{"href":"https:\/\/stg-httpsboyanmfgcomwpadmin-b20251201.kinsta.cloud\/tr\/wp-json\/wp\/v2\/types\/page"}],"author":[{"embeddable":true,"href":"https:\/\/stg-httpsboyanmfgcomwpadmin-b20251201.kinsta.cloud\/tr\/wp-json\/wp\/v2\/users\/1"}],"replies":[{"embeddable":true,"href":"https:\/\/stg-httpsboyanmfgcomwpadmin-b20251201.kinsta.cloud\/tr\/wp-json\/wp\/v2\/comments?post=6"}],"version-history":[{"count":0,"href":"https:\/\/stg-httpsboyanmfgcomwpadmin-b20251201.kinsta.cloud\/tr\/wp-json\/wp\/v2\/pages\/6\/revisions"}],"wp:attachment":[{"href":"https:\/\/stg-httpsboyanmfgcomwpadmin-b20251201.kinsta.cloud\/tr\/wp-json\/wp\/v2\/media?parent=6"}],"curies":[{"name":"wp","href":"https:\/\/api.w.org\/{rel}","templated":true}]}}